{"id":6481,"date":"2025-01-06T09:19:07","date_gmt":"2025-01-06T09:19:07","guid":{"rendered":"https:\/\/thecocopouch.com\/?page_id=6481"},"modified":"2025-07-31T08:27:47","modified_gmt":"2025-07-31T08:27:47","slug":"contact-2","status":"publish","type":"page","link":"https:\/\/thecocopouch.com\/sv\/contact-2\/","title":{"rendered":"Kontakt"},"content":{"rendered":"<div data-elementor-type=\"wp-page\" data-elementor-id=\"6481\" class=\"elementor elementor-6481\">\n\t\t\t\t\t\t<section style=\"background-image: url(https:\/\/thecocopouch.com\/wp-content\/uploads\/2024\/12\/coco_artisan_03_expanded_20241225.jpg);\" class=\"parallax_section_holder elementor-section elementor-top-section elementor-element elementor-element-0310f7a elementor-section-full_width parallax_section_holder contact-parallax elementor-section-height-default elementor-section-height-default qode_elementor_container_no\" data-speed=\"0\" data-id=\"0310f7a\" data-element_type=\"section\" data-settings=\"{&quot;qode_parallax_image&quot;:{&quot;url&quot;:&quot;https:\\\/\\\/thecocopouch.com\\\/wp-content\\\/uploads\\\/2024\\\/12\\\/coco_artisan_03_expanded_20241225.jpg&quot;,&quot;id&quot;:6418,&quot;size&quot;:&quot;&quot;,&quot;alt&quot;:&quot;&quot;,&quot;source&quot;:&quot;library&quot;}}\">\n\t\t\t\t\t\t<div class=\"elementor-container elementor-column-gap-default\">\n\t\t\t\t\t<div class=\"elementor-column elementor-col-100 elementor-top-column elementor-element elementor-element-8e73614\" data-id=\"8e73614\" data-element_type=\"column\">\n\t\t\t<div class=\"elementor-widget-wrap elementor-element-populated\">\n\t\t\t\t\t\t<div class=\"elementor-element elementor-element-d2f9d4b elementor-widget elementor-widget-spacer\" data-id=\"d2f9d4b\" data-element_type=\"widget\" data-widget_type=\"spacer.default\">\n\t\t\t\t<div class=\"elementor-widget-container\">\n\t\t\t\t\t\t\t<div class=\"elementor-spacer\">\n\t\t\t<div class=\"elementor-spacer-inner\"><\/div>\n\t\t<\/div>\n\t\t\t\t\t\t<\/div>\n\t\t\t\t<\/div>\n\t\t\t\t\t<\/div>\n\t\t<\/div>\n\t\t\t\t\t<\/div>\n\t\t<\/section>\n\t\t\t\t<section class=\"elementor-section elementor-top-section elementor-element elementor-element-c878c84 elementor-section-full_width qode_elementor_container_inner elementor-section-height-default elementor-section-height-default parallax_section_no\" data-id=\"c878c84\" data-element_type=\"section\">\n\t\t\t\t\t\t<div class=\"elementor-container elementor-column-gap-default\">\n\t\t\t\t\t<div class=\"elementor-column elementor-col-100 elementor-top-column elementor-element elementor-element-2a22059\" data-id=\"2a22059\" data-element_type=\"column\">\n\t\t\t<div class=\"elementor-widget-wrap elementor-element-populated\">\n\t\t\t\t\t\t<div class=\"elementor-element elementor-element-e0d5e60 elementor-widget elementor-widget-heading\" data-id=\"e0d5e60\" data-element_type=\"widget\" data-widget_type=\"heading.default\">\n\t\t\t\t<div class=\"elementor-widget-container\">\n\t\t\t\t\t<h1 class=\"elementor-heading-title elementor-size-default translation-block\">Kontakta<br>\nOss<\/h1>\t\t\t\t<\/div>\n\t\t\t\t<\/div>\n\t\t\t\t\t<\/div>\n\t\t<\/div>\n\t\t\t\t\t<\/div>\n\t\t<\/section>\n\t\t\t\t<section class=\"elementor-section elementor-top-section elementor-element elementor-element-5fb8c68 elementor-section-full_width qode_elementor_container_inner elementor-section-height-default elementor-section-height-default parallax_section_no\" data-id=\"5fb8c68\" data-element_type=\"section\">\n\t\t\t\t\t\t<div class=\"elementor-container elementor-column-gap-default\">\n\t\t\t\t\t<div class=\"elementor-column elementor-col-50 elementor-top-column elementor-element elementor-element-8b2610e\" data-id=\"8b2610e\" data-element_type=\"column\">\n\t\t\t<div class=\"elementor-widget-wrap elementor-element-populated\">\n\t\t\t\t<div class=\"elementor-element elementor-element-143ef78 e-flex e-con-boxed parallax_section_no qode_elementor_container_no e-con e-parent\" data-id=\"143ef78\" data-element_type=\"container\">\n\t\t\t\t\t<div class=\"e-con-inner\">\n\t\t\t\t<div class=\"elementor-element elementor-element-a176c47 elementor-widget elementor-widget-heading\" data-id=\"a176c47\" data-element_type=\"widget\" data-widget_type=\"heading.default\">\n\t\t\t\t<div class=\"elementor-widget-container\">\n\t\t\t\t\t<h5 class=\"elementor-heading-title elementor-size-default\">Adress<\/h5>\t\t\t\t<\/div>\n\t\t\t\t<\/div>\n\t\t\t\t<div class=\"elementor-element elementor-element-5c94a73 elementor-widget elementor-widget-spacer\" data-id=\"5c94a73\" data-element_type=\"widget\" data-widget_type=\"spacer.default\">\n\t\t\t\t<div class=\"elementor-widget-container\">\n\t\t\t\t\t\t\t<div class=\"elementor-spacer\">\n\t\t\t<div class=\"elementor-spacer-inner\"><\/div>\n\t\t<\/div>\n\t\t\t\t\t\t<\/div>\n\t\t\t\t<\/div>\n\t\t\t\t<div class=\"elementor-element elementor-element-8256df7 elementor-widget elementor-widget-text-editor\" data-id=\"8256df7\" data-element_type=\"widget\" data-widget_type=\"text-editor.default\">\n\t\t\t\t<div class=\"elementor-widget-container\">\n\t\t\t\t\t\t\t\t\t<h6>Saltsj\u00f6v\u00e4gen 16<br \/>181 62 Liding\u00f6<br \/>Sverige<\/h6>\t\t\t\t\t\t\t\t<\/div>\n\t\t\t\t<\/div>\n\t\t\t\t<div class=\"elementor-element elementor-element-332d99d elementor-widget elementor-widget-spacer\" data-id=\"332d99d\" data-element_type=\"widget\" data-widget_type=\"spacer.default\">\n\t\t\t\t<div class=\"elementor-widget-container\">\n\t\t\t\t\t\t\t<div class=\"elementor-spacer\">\n\t\t\t<div class=\"elementor-spacer-inner\"><\/div>\n\t\t<\/div>\n\t\t\t\t\t\t<\/div>\n\t\t\t\t<\/div>\n\t\t\t\t<div class=\"elementor-element elementor-element-d2901ec elementor-widget elementor-widget-heading\" data-id=\"d2901ec\" data-element_type=\"widget\" data-widget_type=\"heading.default\">\n\t\t\t\t<div class=\"elementor-widget-container\">\n\t\t\t\t\t<h5 class=\"elementor-heading-title elementor-size-default\">E-post<\/h5>\t\t\t\t<\/div>\n\t\t\t\t<\/div>\n\t\t\t\t<div class=\"elementor-element elementor-element-3bf9c7b elementor-widget elementor-widget-spacer\" data-id=\"3bf9c7b\" data-element_type=\"widget\" data-widget_type=\"spacer.default\">\n\t\t\t\t<div class=\"elementor-widget-container\">\n\t\t\t\t\t\t\t<div class=\"elementor-spacer\">\n\t\t\t<div class=\"elementor-spacer-inner\"><\/div>\n\t\t<\/div>\n\t\t\t\t\t\t<\/div>\n\t\t\t\t<\/div>\n\t\t\t\t<div class=\"elementor-element elementor-element-118617f elementor-widget elementor-widget-text-editor\" data-id=\"118617f\" data-element_type=\"widget\" data-widget_type=\"text-editor.default\">\n\t\t\t\t<div class=\"elementor-widget-container\">\n\t\t\t\t\t\t\t\t\t<h6>hello@spectrumleaf.com<br \/>distributors@spectrumleaf.com<\/h6>\t\t\t\t\t\t\t\t<\/div>\n\t\t\t\t<\/div>\n\t\t\t\t\t<\/div>\n\t\t\t\t<\/div>\n\t\t\t\t<div class=\"elementor-element elementor-element-0db6524 elementor-widget elementor-widget-spacer\" data-id=\"0db6524\" data-element_type=\"widget\" data-widget_type=\"spacer.default\">\n\t\t\t\t<div class=\"elementor-widget-container\">\n\t\t\t\t\t\t\t<div class=\"elementor-spacer\">\n\t\t\t<div class=\"elementor-spacer-inner\"><\/div>\n\t\t<\/div>\n\t\t\t\t\t\t<\/div>\n\t\t\t\t<\/div>\n\t\t\t\t\t<\/div>\n\t\t<\/div>\n\t\t\t\t<div class=\"elementor-column elementor-col-50 elementor-top-column elementor-element elementor-element-ce3f85a\" data-id=\"ce3f85a\" data-element_type=\"column\">\n\t\t\t<div class=\"elementor-widget-wrap elementor-element-populated\">\n\t\t\t\t<div class=\"elementor-element elementor-element-948198a e-con-full e-flex parallax_section_no qode_elementor_container_no e-con e-parent\" data-id=\"948198a\" data-element_type=\"container\">\n\t\t\t\t<div class=\"elementor-element elementor-element-b75effd elementor-widget elementor-widget-heading\" data-id=\"b75effd\" data-element_type=\"widget\" data-widget_type=\"heading.default\">\n\t\t\t\t<div class=\"elementor-widget-container\">\n\t\t\t\t\t<h5 class=\"elementor-heading-title elementor-size-default\">Skicka ett Meddalande<\/h5>\t\t\t\t<\/div>\n\t\t\t\t<\/div>\n\t\t\t\t<div class=\"elementor-element elementor-element-fe8625b elementor-widget elementor-widget-wpforms\" data-id=\"fe8625b\" data-element_type=\"widget\" data-widget_type=\"wpforms.default\">\n\t\t\t\t<div class=\"elementor-widget-container\">\n\t\t\t\t\t<style id=\"wpforms-css-vars-elementor-widget-fe8625b\">\n\t\t\t\t.elementor-widget-wpforms.elementor-element-fe8625b {\n\t\t\t\t--wpforms-field-text-color: #2A2A2A;\n--wpforms-label-color: #303030;\n--wpforms-label-error-color: #661E1F;\n--wpforms-button-background-color: #303030;\n--wpforms-button-size-font-size: 20px;\n--wpforms-button-size-height: 48px;\n--wpforms-button-size-padding-h: 20px;\n--wpforms-button-size-margin-top: 15px;\n\n\t\t\t}\n\t\t\t<\/style><div class=\"wpforms-container wpforms-container-full wpforms-render-modern\" id=\"wpforms-2691\"><form id=\"wpforms-form-2691\" class=\"wpforms-validate wpforms-form wpforms-ajax-form\" data-formid=\"2691\" method=\"post\" enctype=\"multipart\/form-data\" action=\"\/sv\/wp-json\/wp\/v2\/pages\/6481\" data-token=\"31f068a3ae12831a87cbf4bd42f8adf6\" data-token-time=\"1777235118\" data-trp-original-action=\"\/sv\/wp-json\/wp\/v2\/pages\/6481\"><noscript class=\"wpforms-error-noscript\">Aktivera JavaScript i din webbl\u00e4sare f\u00f6r att fylla i formul\u00e4ret.<\/noscript><div id=\"wpforms-error-noscript\" style=\"display: none;\">Aktivera JavaScript i din webbl\u00e4sare f\u00f6r att fylla i formul\u00e4ret.<\/div><div class=\"wpforms-field-container\"><div id=\"wpforms-2691-field_0-container\" class=\"wpforms-field wpforms-field-name\" data-field-id=\"0\"><fieldset><legend class=\"wpforms-field-label\">Namn <span class=\"wpforms-required-label\" aria-hidden=\"true\">*<\/span><\/legend><div class=\"wpforms-field-row wpforms-field-large\"><div class=\"wpforms-field-row-block wpforms-first wpforms-one-half\"><input type=\"text\" id=\"wpforms-2691-field_0\" class=\"wpforms-field-name-first wpforms-field-required\" name=\"wpforms[fields][0][first]\" placeholder=\"F\u00f6rst\" aria-errormessage=\"wpforms-2691-field_0-error\" required><label for=\"wpforms-2691-field_0\" class=\"wpforms-field-sublabel after wpforms-sublabel-hide\">F\u00f6rst<\/label><\/div><div class=\"wpforms-field-row-block wpforms-one-half\"><input type=\"text\" id=\"wpforms-2691-field_0-last\" class=\"wpforms-field-name-last wpforms-field-required\" name=\"wpforms[fields][0][last]\" placeholder=\"Sista\" aria-errormessage=\"wpforms-2691-field_0-last-error\" required><label for=\"wpforms-2691-field_0-last\" class=\"wpforms-field-sublabel after wpforms-sublabel-hide\">Sist<\/label><\/div><\/div><\/fieldset><\/div><div id=\"wpforms-2691-field_1-container\" class=\"wpforms-field wpforms-field-email\" data-field-id=\"1\"><label class=\"wpforms-field-label\" for=\"wpforms-2691-field_1\">E-post <span class=\"wpforms-required-label\" aria-hidden=\"true\">*<\/span><\/label><input type=\"email\" id=\"wpforms-2691-field_1\" class=\"wpforms-field-large wpforms-field-required\" name=\"wpforms[fields][1]\" spellcheck=\"false\" aria-errormessage=\"wpforms-2691-field_1-error\" required><\/div><div id=\"wpforms-2691-field_3-container\" class=\"wpforms-field wpforms-field-select wpforms-field-select-style-classic\" data-field-id=\"3\"><label class=\"wpforms-field-label\" for=\"wpforms-2691-field_3\">Vilket \u00e4mne beh\u00f6ver du hj\u00e4lp med?<\/label><select id=\"wpforms-2691-field_3\" class=\"wpforms-field-medium\" name=\"wpforms[fields][3]\"><option value=\"General Inquiry\" >Allm\u00e4n F\u00f6rfr\u00e5gan<\/option><option value=\"Product Related\" >Produktrelaterat<\/option><option value=\"Distribution\" >Distribution<\/option><\/select><\/div><div id=\"wpforms-2691-field_2-container\" class=\"wpforms-field wpforms-field-textarea\" data-field-id=\"2\"><label class=\"wpforms-field-label\" for=\"wpforms-2691-field_2\">Meddelande<\/label><textarea id=\"wpforms-2691-field_2\" class=\"wpforms-field-medium\" name=\"wpforms[fields][2]\" aria-errormessage=\"wpforms-2691-field_2-error\" ><\/textarea><\/div><\/div><!-- .wpforms-field-container --><div class=\"wpforms-submit-container\" ><input type=\"hidden\" name=\"wpforms[id]\" value=\"2691\"><input type=\"hidden\" name=\"page_title\" value=\"\"><input type=\"hidden\" name=\"page_url\" value=\"https:\/\/thecocopouch.com\/sv\/wp-json\/wp\/v2\/pages\/6481\"><input type=\"hidden\" name=\"url_referer\" value=\"\"><button type=\"submit\" name=\"wpforms[submit]\" id=\"wpforms-submit-2691\" class=\"wpforms-submit\" data-alt-text=\"Sending...\" data-submit-text=\"Set Sail\" aria-live=\"assertive\" value=\"wpforms-submit\">SKICKA<\/button><img decoding=\"async\" src=\"https:\/\/thecocopouch.com\/wp-content\/plugins\/wpforms-lite\/assets\/images\/submit-spin.svg\" class=\"wpforms-submit-spinner\" style=\"display: none;\" width=\"26\" height=\"26\" alt=\"Laddar\"><\/div><input type=\"hidden\" name=\"trp-form-language\" value=\"sv\"\/><\/form><\/div>  <!-- .wpforms-container -->\t\t\t\t<\/div>\n\t\t\t\t<\/div>\n\t\t\t\t<div class=\"elementor-element elementor-element-4de4ca0 elementor-widget elementor-widget-spacer\" data-id=\"4de4ca0\" data-element_type=\"widget\" data-widget_type=\"spacer.default\">\n\t\t\t\t<div class=\"elementor-widget-container\">\n\t\t\t\t\t\t\t<div class=\"elementor-spacer\">\n\t\t\t<div class=\"elementor-spacer-inner\"><\/div>\n\t\t<\/div>\n\t\t\t\t\t\t<\/div>\n\t\t\t\t<\/div>\n\t\t\t\t<\/div>\n\t\t\t\t\t<\/div>\n\t\t<\/div>\n\t\t\t\t\t<\/div>\n\t\t<\/section>\n\t\t\t\t<\/div>","protected":false},"excerpt":{"rendered":"<p>Dive into a Dialogue Address Saltsj\u00f6v\u00e4gen 16181 62 Liding\u00f6Sweden Emails hello@spectrumleaf.comdistributors@spectrumleaf.com Drop a Note Please enable JavaScript in your browser to complete this form.Please enable JavaScript in your browser to complete this form. Name * FirstLast Email *What are you interested inGeneral InquiryProduct RelatedDistributionLeave a&#8230;<\/p>","protected":false},"author":1,"featured_media":0,"parent":0,"menu_order":0,"comment_status":"closed","ping_status":"closed","template":"full_width.php","meta":{"_monsterinsights_skip_tracking":false,"_monsterinsights_sitenote_active":false,"_monsterinsights_sitenote_note":"","_monsterinsights_sitenote_category":0,"footnotes":""},"class_list":["post-6481","page","type-page","status-publish","hentry"],"yoast_head":"<!-- This site is optimized with the Yoast SEO plugin v25.5 - https:\/\/yoast.com\/wordpress\/plugins\/seo\/ -->\n<title>Contact - COCO Nicotine Pouches<\/title>\n<meta name=\"description\" content=\"COCO Nicotine Pouches are meticulously crafted with coconut fibres, which enables a prolonged and smoother release of both nicotine and flavours. Unlike other brands that often use overprocessed plant-based fibres, we directly infuse COCO pouches\u2019 coconut fibres with nicotine and all-natural flavouring.\" \/>\n<meta name=\"robots\" content=\"index, follow, max-snippet:-1, max-image-preview:large, max-video-preview:-1\" \/>\n<link rel=\"canonical\" href=\"https:\/\/thecocopouch.com\/sv\/contact-2\/\" \/>\n<meta property=\"og:locale\" content=\"sv_SE\" \/>\n<meta property=\"og:type\" content=\"article\" \/>\n<meta property=\"og:title\" content=\"COCO Nicotine Pouches - The Smoothest Pouches Yet\" \/>\n<meta property=\"og:description\" content=\"COCO Nicotine Pouches are meticulously crafted with coconut fibres, which enables a prolonged and smoother release of both nicotine and flavours.\" \/>\n<meta property=\"og:url\" content=\"https:\/\/thecocopouch.com\/sv\/contact-2\/\" \/>\n<meta property=\"og:site_name\" content=\"COCO Nicotine Pouches\" \/>\n<meta property=\"article:modified_time\" content=\"2025-07-31T08:27:47+00:00\" \/>\n<meta property=\"og:image\" content=\"https:\/\/thecocopouch.com\/wp-content\/uploads\/2025\/07\/preview-image.png\" \/>\n\t<meta property=\"og:image:width\" content=\"1600\" \/>\n\t<meta property=\"og:image:height\" content=\"765\" \/>\n\t<meta property=\"og:image:type\" content=\"image\/png\" \/>\n<meta name=\"twitter:card\" content=\"summary_large_image\" \/>\n<meta name=\"twitter:title\" content=\"COCO Nicotine Pouches - The Smoothest Pouches Yet\" \/>\n<meta name=\"twitter:description\" content=\"COCO Nicotine Pouches are meticulously crafted with coconut fibres, which enables a prolonged and smoother release of both nicotine and flavours.\" \/>\n<meta name=\"twitter:image\" content=\"https:\/\/thecocopouch.com\/wp-content\/uploads\/2025\/07\/preview-image.png\" \/>\n<meta name=\"twitter:label1\" content=\"Ber\u00e4knad l\u00e4stid\" \/>\n\t<meta name=\"twitter:data1\" content=\"1 minut\" \/>\n<script type=\"application\/ld+json\" class=\"yoast-schema-graph\">{\"@context\":\"https:\/\/schema.org\",\"@graph\":[{\"@type\":\"WebPage\",\"@id\":\"https:\/\/thecocopouch.com\/sv\/contact-2\/\",\"url\":\"https:\/\/thecocopouch.com\/sv\/contact-2\/\",\"name\":\"Contact - COCO Nicotine Pouches\",\"isPartOf\":{\"@id\":\"https:\/\/thecocopouch.com\/#website\"},\"primaryImageOfPage\":{\"@id\":\"https:\/\/thecocopouch.com\/sv\/contact-2\/#primaryimage\"},\"image\":{\"@id\":\"https:\/\/thecocopouch.com\/sv\/contact-2\/#primaryimage\"},\"thumbnailUrl\":\"https:\/\/thecocopouch.com\/wp-content\/plugins\/wpforms-lite\/assets\/images\/submit-spin.svg\",\"datePublished\":\"2025-01-06T09:19:07+00:00\",\"dateModified\":\"2025-07-31T08:27:47+00:00\",\"description\":\"COCO Nicotine Pouches are meticulously crafted with coconut fibres, which enables a prolonged and smoother release of both nicotine and flavours. Unlike other brands that often use overprocessed plant-based fibres, we directly infuse COCO pouches\u2019 coconut fibres with nicotine and all-natural flavouring.\",\"breadcrumb\":{\"@id\":\"https:\/\/thecocopouch.com\/sv\/contact-2\/#breadcrumb\"},\"inLanguage\":\"sv-SE\",\"potentialAction\":[{\"@type\":\"ReadAction\",\"target\":[\"https:\/\/thecocopouch.com\/sv\/contact-2\/\"]}]},{\"@type\":\"ImageObject\",\"inLanguage\":\"sv-SE\",\"@id\":\"https:\/\/thecocopouch.com\/sv\/contact-2\/#primaryimage\",\"url\":\"https:\/\/thecocopouch.com\/wp-content\/plugins\/wpforms-lite\/assets\/images\/submit-spin.svg\",\"contentUrl\":\"https:\/\/thecocopouch.com\/wp-content\/plugins\/wpforms-lite\/assets\/images\/submit-spin.svg\"},{\"@type\":\"BreadcrumbList\",\"@id\":\"https:\/\/thecocopouch.com\/sv\/contact-2\/#breadcrumb\",\"itemListElement\":[{\"@type\":\"ListItem\",\"position\":1,\"name\":\"Home\",\"item\":\"https:\/\/thecocopouch.com\/\"},{\"@type\":\"ListItem\",\"position\":2,\"name\":\"Contact\"}]},{\"@type\":\"WebSite\",\"@id\":\"https:\/\/thecocopouch.com\/#website\",\"url\":\"https:\/\/thecocopouch.com\/\",\"name\":\"COCO Nicotine Pouches\",\"description\":\"Naturally Delicious. The Smoothest Yet.\",\"publisher\":{\"@id\":\"https:\/\/thecocopouch.com\/#organization\"},\"potentialAction\":[{\"@type\":\"SearchAction\",\"target\":{\"@type\":\"EntryPoint\",\"urlTemplate\":\"https:\/\/thecocopouch.com\/?s={search_term_string}\"},\"query-input\":{\"@type\":\"PropertyValueSpecification\",\"valueRequired\":true,\"valueName\":\"search_term_string\"}}],\"inLanguage\":\"sv-SE\"},{\"@type\":\"Organization\",\"@id\":\"https:\/\/thecocopouch.com\/#organization\",\"name\":\"COCO Nicotine Pouches\",\"url\":\"https:\/\/thecocopouch.com\/\",\"logo\":{\"@type\":\"ImageObject\",\"inLanguage\":\"sv-SE\",\"@id\":\"https:\/\/thecocopouch.com\/#\/schema\/logo\/image\/\",\"url\":\"\",\"contentUrl\":\"\",\"caption\":\"COCO Nicotine Pouches\"},\"image\":{\"@id\":\"https:\/\/thecocopouch.com\/#\/schema\/logo\/image\/\"}}]}<\/script>\n<!-- \/ Yoast SEO plugin. -->","yoast_head_json":{"title":"Contact - COCO Nicotine Pouches","description":"COCO Nicotine Pouches are meticulously crafted with coconut fibres, which enables a prolonged and smoother release of both nicotine and flavours. Unlike other brands that often use overprocessed plant-based fibres, we directly infuse COCO pouches\u2019 coconut fibres with nicotine and all-natural flavouring.","robots":{"index":"index","follow":"follow","max-snippet":"max-snippet:-1","max-image-preview":"max-image-preview:large","max-video-preview":"max-video-preview:-1"},"canonical":"https:\/\/thecocopouch.com\/sv\/contact-2\/","og_locale":"sv_SE","og_type":"article","og_title":"COCO Nicotine Pouches - The Smoothest Pouches Yet","og_description":"COCO Nicotine Pouches are meticulously crafted with coconut fibres, which enables a prolonged and smoother release of both nicotine and flavours.","og_url":"https:\/\/thecocopouch.com\/sv\/contact-2\/","og_site_name":"COCO Nicotine Pouches","article_modified_time":"2025-07-31T08:27:47+00:00","og_image":[{"width":1600,"height":765,"url":"https:\/\/thecocopouch.com\/wp-content\/uploads\/2025\/07\/preview-image.png","type":"image\/png"}],"twitter_card":"summary_large_image","twitter_title":"COCO Nicotine Pouches - The Smoothest Pouches Yet","twitter_description":"COCO Nicotine Pouches are meticulously crafted with coconut fibres, which enables a prolonged and smoother release of both nicotine and flavours.","twitter_image":"https:\/\/thecocopouch.com\/wp-content\/uploads\/2025\/07\/preview-image.png","twitter_misc":{"Ber\u00e4knad l\u00e4stid":"1 minut"},"schema":{"@context":"https:\/\/schema.org","@graph":[{"@type":"WebPage","@id":"https:\/\/thecocopouch.com\/sv\/contact-2\/","url":"https:\/\/thecocopouch.com\/sv\/contact-2\/","name":"Contact - COCO Nicotine Pouches","isPartOf":{"@id":"https:\/\/thecocopouch.com\/#website"},"primaryImageOfPage":{"@id":"https:\/\/thecocopouch.com\/sv\/contact-2\/#primaryimage"},"image":{"@id":"https:\/\/thecocopouch.com\/sv\/contact-2\/#primaryimage"},"thumbnailUrl":"https:\/\/thecocopouch.com\/wp-content\/plugins\/wpforms-lite\/assets\/images\/submit-spin.svg","datePublished":"2025-01-06T09:19:07+00:00","dateModified":"2025-07-31T08:27:47+00:00","description":"COCO Nicotine Pouches are meticulously crafted with coconut fibres, which enables a prolonged and smoother release of both nicotine and flavours. Unlike other brands that often use overprocessed plant-based fibres, we directly infuse COCO pouches\u2019 coconut fibres with nicotine and all-natural flavouring.","breadcrumb":{"@id":"https:\/\/thecocopouch.com\/sv\/contact-2\/#breadcrumb"},"inLanguage":"sv-SE","potentialAction":[{"@type":"ReadAction","target":["https:\/\/thecocopouch.com\/sv\/contact-2\/"]}]},{"@type":"ImageObject","inLanguage":"sv-SE","@id":"https:\/\/thecocopouch.com\/sv\/contact-2\/#primaryimage","url":"https:\/\/thecocopouch.com\/wp-content\/plugins\/wpforms-lite\/assets\/images\/submit-spin.svg","contentUrl":"https:\/\/thecocopouch.com\/wp-content\/plugins\/wpforms-lite\/assets\/images\/submit-spin.svg"},{"@type":"BreadcrumbList","@id":"https:\/\/thecocopouch.com\/sv\/contact-2\/#breadcrumb","itemListElement":[{"@type":"ListItem","position":1,"name":"Home","item":"https:\/\/thecocopouch.com\/"},{"@type":"ListItem","position":2,"name":"Contact"}]},{"@type":"WebSite","@id":"https:\/\/thecocopouch.com\/#website","url":"https:\/\/thecocopouch.com\/","name":"COCO Nicotine Pouches","description":"Naturally Delicious. The Smoothest Yet.","publisher":{"@id":"https:\/\/thecocopouch.com\/#organization"},"potentialAction":[{"@type":"SearchAction","target":{"@type":"EntryPoint","urlTemplate":"https:\/\/thecocopouch.com\/?s={search_term_string}"},"query-input":{"@type":"PropertyValueSpecification","valueRequired":true,"valueName":"search_term_string"}}],"inLanguage":"sv-SE"},{"@type":"Organization","@id":"https:\/\/thecocopouch.com\/#organization","name":"COCO Nicotine Pouches","url":"https:\/\/thecocopouch.com\/","logo":{"@type":"ImageObject","inLanguage":"sv-SE","@id":"https:\/\/thecocopouch.com\/#\/schema\/logo\/image\/","url":"","contentUrl":"","caption":"COCO Nicotine Pouches"},"image":{"@id":"https:\/\/thecocopouch.com\/#\/schema\/logo\/image\/"}}]}},"_links":{"self":[{"href":"https:\/\/thecocopouch.com\/sv\/wp-json\/wp\/v2\/pages\/6481","targetHints":{"allow":["GET"]}}],"collection":[{"href":"https:\/\/thecocopouch.com\/sv\/wp-json\/wp\/v2\/pages"}],"about":[{"href":"https:\/\/thecocopouch.com\/sv\/wp-json\/wp\/v2\/types\/page"}],"author":[{"embeddable":true,"href":"https:\/\/thecocopouch.com\/sv\/wp-json\/wp\/v2\/users\/1"}],"replies":[{"embeddable":true,"href":"https:\/\/thecocopouch.com\/sv\/wp-json\/wp\/v2\/comments?post=6481"}],"version-history":[{"count":0,"href":"https:\/\/thecocopouch.com\/sv\/wp-json\/wp\/v2\/pages\/6481\/revisions"}],"wp:attachment":[{"href":"https:\/\/thecocopouch.com\/sv\/wp-json\/wp\/v2\/media?parent=6481"}],"curies":[{"name":"wp","href":"https:\/\/api.w.org\/{rel}","templated":true}]}}