{"id":5514,"date":"2024-03-04T02:35:53","date_gmt":"2024-03-04T02:35:53","guid":{"rendered":"https:\/\/thecocopouch.com\/?page_id=5514"},"modified":"2025-07-31T08:29:26","modified_gmt":"2025-07-31T08:29:26","slug":"story","status":"publish","type":"page","link":"https:\/\/thecocopouch.com\/sv\/story\/","title":{"rendered":"Om oss"},"content":{"rendered":"<div data-elementor-type=\"wp-page\" data-elementor-id=\"5514\" class=\"elementor elementor-5514\">\n\t\t\t\t\t\t<section style=\"background-image: url(https:\/\/thecocopouch.com\/wp-content\/uploads\/2025\/01\/COCO_mighty_Fresh_v3.jpg);\" class=\"parallax_section_holder elementor-section elementor-top-section elementor-element elementor-element-4441635f elementor-section-full_width parallax_section_holder parallax-cover elementor-section-height-default elementor-section-height-default qode_elementor_container_no\" data-speed=\"0\" data-id=\"4441635f\" data-element_type=\"section\" data-settings=\"{&quot;qode_parallax_image&quot;:{&quot;url&quot;:&quot;https:\\\/\\\/thecocopouch.com\\\/wp-content\\\/uploads\\\/2025\\\/01\\\/COCO_mighty_Fresh_v3.jpg&quot;,&quot;id&quot;:6473,&quot;size&quot;:&quot;&quot;,&quot;alt&quot;:&quot;&quot;,&quot;source&quot;:&quot;library&quot;}}\">\n\t\t\t\t\t\t<div class=\"elementor-container elementor-column-gap-default\">\n\t\t\t\t\t<div class=\"elementor-column elementor-col-100 elementor-top-column elementor-element elementor-element-1824ebd2\" data-id=\"1824ebd2\" data-element_type=\"column\">\n\t\t\t<div class=\"elementor-widget-wrap elementor-element-populated\">\n\t\t\t\t\t\t<div class=\"elementor-element elementor-element-77011486 elementor-widget elementor-widget-spacer\" data-id=\"77011486\" data-element_type=\"widget\" data-widget_type=\"spacer.default\">\n\t\t\t\t<div class=\"elementor-widget-container\">\n\t\t\t\t\t\t\t<div class=\"elementor-spacer\">\n\t\t\t<div class=\"elementor-spacer-inner\"><\/div>\n\t\t<\/div>\n\t\t\t\t\t\t<\/div>\n\t\t\t\t<\/div>\n\t\t\t\t\t<\/div>\n\t\t<\/div>\n\t\t\t\t\t<\/div>\n\t\t<\/section>\n\t\t\t\t<section class=\"elementor-section elementor-top-section elementor-element elementor-element-b8c767d elementor-section-full_width qode_elementor_container_inner elementor-section-height-default elementor-section-height-default parallax_section_no\" data-id=\"b8c767d\" data-element_type=\"section\" data-settings=\"{&quot;background_background&quot;:&quot;classic&quot;}\">\n\t\t\t\t\t\t<div class=\"elementor-container elementor-column-gap-default\">\n\t\t\t\t\t<div class=\"elementor-column elementor-col-100 elementor-top-column elementor-element elementor-element-d38e780\" data-id=\"d38e780\" data-element_type=\"column\">\n\t\t\t<div class=\"elementor-widget-wrap elementor-element-populated\">\n\t\t\t\t\t\t<div class=\"elementor-element elementor-element-c0c0ad5 elementor-widget elementor-widget-heading\" data-id=\"c0c0ad5\" data-element_type=\"widget\" data-widget_type=\"heading.default\">\n\t\t\t\t<div class=\"elementor-widget-container\">\n\t\t\t\t\t<h1 class=\"elementor-heading-title elementor-size-default\">Det vita snusets historia<\/h1>\t\t\t\t<\/div>\n\t\t\t\t<\/div>\n\t\t\t\t<div class=\"elementor-element elementor-element-1436e40 elementor-widget elementor-widget-text-editor\" data-id=\"1436e40\" data-element_type=\"widget\" data-widget_type=\"text-editor.default\">\n\t\t\t\t<div class=\"elementor-widget-container\">\n\t\t\t\t\t\t\t\t\t<p>Det vita snusets historia \u00e4r en epok som startade f\u00f6r cirka 15 \u00e5r sedan, med en enkel ambition: erbjuda en nikotinupplevelse utan tobakens typiska nackdelar. Med tiden v\u00e4xte marknaden, vilket ledde till hundratals varum\u00e4rken som erbj\u00f6d n\u00e4stan identiska produkter.<\/p>\t\t\t\t\t\t\t\t<\/div>\n\t\t\t\t<\/div>\n\t\t\t\t<div class=\"elementor-element elementor-element-984dc5f elementor-widget elementor-widget-spacer\" data-id=\"984dc5f\" data-element_type=\"widget\" data-widget_type=\"spacer.default\">\n\t\t\t\t<div class=\"elementor-widget-container\">\n\t\t\t\t\t\t\t<div class=\"elementor-spacer\">\n\t\t\t<div class=\"elementor-spacer-inner\"><\/div>\n\t\t<\/div>\n\t\t\t\t\t\t<\/div>\n\t\t\t\t<\/div>\n\t\t\t\t<div class=\"elementor-element elementor-element-3a0f6f7 elementor-widget elementor-widget-heading\" data-id=\"3a0f6f7\" data-element_type=\"widget\" data-widget_type=\"heading.default\">\n\t\t\t\t<div class=\"elementor-widget-container\">\n\t\t\t\t\t<h1 class=\"elementor-heading-title elementor-size-default\">COCO blev svaret<\/h1>\t\t\t\t<\/div>\n\t\t\t\t<\/div>\n\t\t\t\t<div class=\"elementor-element elementor-element-500d468 elementor-widget elementor-widget-text-editor\" data-id=\"500d468\" data-element_type=\"widget\" data-widget_type=\"text-editor.default\">\n\t\t\t\t<div class=\"elementor-widget-container\">\n\t\t\t\t\t\t\t\t\tMen i detta myller av likv\u00e4rdiga produkter framst\u00e5r COCO som helt unik. Vi omdefinierade segmentet med tobaksfria nikotinp\u00e5sar och str\u00e4vade efter att varje snus skulle h\u00e5lla l\u00e4ngre genom en mer kontrollerad nikotin- och smakupplevelse som liknar den traditionella snusen. Genom att anv\u00e4nda naturliga material och smaker, gjorde vi COCO till en unik snus\/nikotinhybrid som kombinerar det b\u00e4sta fr\u00e5n b\u00e5da v\u00e4rldar utan n\u00e5gra kompromisser.\t\t\t\t\t\t\t\t<\/div>\n\t\t\t\t<\/div>\n\t\t\t\t\t<\/div>\n\t\t<\/div>\n\t\t\t\t\t<\/div>\n\t\t<\/section>\n\t\t\t\t<section class=\"elementor-section elementor-top-section elementor-element elementor-element-c336b07 elementor-section-full_width qode_elementor_container_inner elementor-section-height-default elementor-section-height-default parallax_section_no\" data-id=\"c336b07\" data-element_type=\"section\">\n\t\t\t\t\t\t<div class=\"elementor-container elementor-column-gap-default\">\n\t\t\t\t\t<div class=\"elementor-column elementor-col-50 elementor-top-column elementor-element elementor-element-0925a6c\" data-id=\"0925a6c\" data-element_type=\"column\">\n\t\t\t<div class=\"elementor-widget-wrap elementor-element-populated\">\n\t\t\t\t\t\t<div class=\"elementor-element elementor-element-6b6fa09 elementor-widget elementor-widget-heading\" data-id=\"6b6fa09\" data-element_type=\"widget\" data-widget_type=\"heading.default\">\n\t\t\t\t<div class=\"elementor-widget-container\">\n\t\t\t\t\t<h1 class=\"elementor-heading-title elementor-size-default\">Fr\u00e5n naturen<\/h1>\t\t\t\t<\/div>\n\t\t\t\t<\/div>\n\t\t\t\t<div class=\"elementor-element elementor-element-b0db02f elementor-widget elementor-widget-text-editor\" data-id=\"b0db02f\" data-element_type=\"widget\" data-widget_type=\"text-editor.default\">\n\t\t\t\t<div class=\"elementor-widget-container\">\n\t\t\t\t\t\t\t\t\tV\u00e5r resa startade med en djup f\u00f6rankring i naturen. Vi str\u00e4vade efter att f\u00e5nga k\u00e4nslan av \u00e4kta och naturliga smaker och kombinera dem med ett helt icke-processat fyllnadsmedel \u2013 kokosn\u00f6tskal. Resultatet blev en prilla med i stort sett naturliga ingredienser som frisl\u00e4pper nikotinet p\u00e5 ett mildare och mer l\u00e5ngsiktigt s\u00e4tt.\t\t\t\t\t\t\t\t<\/div>\n\t\t\t\t<\/div>\n\t\t\t\t<div class=\"elementor-element elementor-element-d9ffd19 elementor-widget elementor-widget-spacer\" data-id=\"d9ffd19\" data-element_type=\"widget\" data-widget_type=\"spacer.default\">\n\t\t\t\t<div class=\"elementor-widget-container\">\n\t\t\t\t\t\t\t<div class=\"elementor-spacer\">\n\t\t\t<div class=\"elementor-spacer-inner\"><\/div>\n\t\t<\/div>\n\t\t\t\t\t\t<\/div>\n\t\t\t\t<\/div>\n\t\t\t\t<div class=\"elementor-element elementor-element-a577250 elementor-widget elementor-widget-heading\" data-id=\"a577250\" data-element_type=\"widget\" data-widget_type=\"heading.default\">\n\t\t\t\t<div class=\"elementor-widget-container\">\n\t\t\t\t\t<h1 class=\"elementor-heading-title elementor-size-default\">Skapad f\u00f6r dig<\/h1>\t\t\t\t<\/div>\n\t\t\t\t<\/div>\n\t\t\t\t<div class=\"elementor-element elementor-element-d5ac3a8 elementor-widget elementor-widget-text-editor\" data-id=\"d5ac3a8\" data-element_type=\"widget\" data-widget_type=\"text-editor.default\">\n\t\t\t\t<div class=\"elementor-widget-container\">\n\t\t\t\t\t\t\t\t\tVarje steg i skapandet av COCO Nicotine Pouches har varit noggrant genomt\u00e4nkt med dig som konsument i fokus. V\u00e5r h\u00e4ngivenhet till naturliga ingredienser s\u00e4kerst\u00e4ller en autentisk upplevelse, fri fr\u00e5n konstgjorda tillsatser eller \u00f6verdriven bearbetning.\t\t\t\t\t\t\t\t<\/div>\n\t\t\t\t<\/div>\n\t\t\t\t\t<\/div>\n\t\t<\/div>\n\t\t\t\t<div class=\"elementor-column elementor-col-50 elementor-top-column elementor-element elementor-element-bc944ee\" data-id=\"bc944ee\" data-element_type=\"column\">\n\t\t\t<div class=\"elementor-widget-wrap elementor-element-populated\">\n\t\t\t\t\t\t<div class=\"elementor-element elementor-element-591d184 elementor-widget elementor-widget-heading\" data-id=\"591d184\" data-element_type=\"widget\" data-widget_type=\"heading.default\">\n\t\t\t\t<div class=\"elementor-widget-container\">\n\t\t\t\t\t<h1 class=\"elementor-heading-title elementor-size-default translation-block\">Drivna av innovation<\/h1>\t\t\t\t<\/div>\n\t\t\t\t<\/div>\n\t\t\t\t<div class=\"elementor-element elementor-element-3361be9 elementor-widget elementor-widget-text-editor\" data-id=\"3361be9\" data-element_type=\"widget\" data-widget_type=\"text-editor.default\">\n\t\t\t\t<div class=\"elementor-widget-container\">\n\t\t\t\t\t\t\t\t\tDet som verkligen skiljer oss \u00e5t fr\u00e5n andra snusf\u00f6retag \u00e4r v\u00e5r drivkraft att st\u00e4ndigt ifr\u00e5gas\u00e4tta, f\u00f6r\u00e4ndra och aldrig kopiera vilket \u00e4ven framg\u00e5r genom v\u00e5rt systervarum\u00e4rke Cannadips -Ett banbrytande tobak- och nikotinfritt snus fr\u00e5n Kalifornien. Det \u00e4r kombinationen av Cannadips unika produktformulering och exklusiva smakteknologi, tillsammans med v\u00e5r skandinaviska snusexpertis som har drivit COCO fram\u00e5t. Resultatet \u00e4r en noggrant utformad produkt som \u00e4r avsedd att ge l\u00e5ngvarig tillfredsst\u00e4llelse.\t\t\t\t\t\t\t\t<\/div>\n\t\t\t\t<\/div>\n\t\t\t\t<div class=\"elementor-element elementor-element-bcad789 elementor-widget elementor-widget-spacer\" data-id=\"bcad789\" data-element_type=\"widget\" data-widget_type=\"spacer.default\">\n\t\t\t\t<div class=\"elementor-widget-container\">\n\t\t\t\t\t\t\t<div class=\"elementor-spacer\">\n\t\t\t<div class=\"elementor-spacer-inner\"><\/div>\n\t\t<\/div>\n\t\t\t\t\t\t<\/div>\n\t\t\t\t<\/div>\n\t\t\t\t<div class=\"elementor-element elementor-element-a286f49 elementor-widget elementor-widget-heading\" data-id=\"a286f49\" data-element_type=\"widget\" data-widget_type=\"heading.default\">\n\t\t\t\t<div class=\"elementor-widget-container\">\n\t\t\t\t\t<h1 class=\"elementor-heading-title elementor-size-default translation-block\">Naturlig smaks\u00e4ttning<\/h1>\t\t\t\t<\/div>\n\t\t\t\t<\/div>\n\t\t\t\t<div class=\"elementor-element elementor-element-e4d3fd2 elementor-widget elementor-widget-text-editor\" data-id=\"e4d3fd2\" data-element_type=\"widget\" data-widget_type=\"text-editor.default\">\n\t\t\t\t<div class=\"elementor-widget-container\">\n\t\t\t\t\t\t\t\t\tF\u00f6r oss p\u00e5 COCO \u00e4r det viktigt med naturlig smaks\u00e4ttning. V\u00e5ra p\u00e5sar \u00e4r tillverkade av ekologisk certifierad och fair trade palmolja, och inneh\u00e5ller endast naturliga s\u00f6tningsmedel och smaker. V\u00e5r mission \u00e4r att se till att varje p\u00e5se inte bara levererar smak och nikotin, utan ocks\u00e5 en unik tobaksfri upplevelse f\u00f6r alla v\u00e5ra kunder. \t\t\t\t\t\t\t\t<\/div>\n\t\t\t\t<\/div>\n\t\t\t\t\t<\/div>\n\t\t<\/div>\n\t\t\t\t\t<\/div>\n\t\t<\/section>\n\t\t\t\t<section style=\"background-image: url(https:\/\/thecocopouch.com\/wp-content\/uploads\/2024\/12\/coco_summer_5_20241225.jpg);\" class=\"parallax_section_holder elementor-section elementor-top-section elementor-element elementor-element-adc5fe6 elementor-section-full_width parallax_section_holder parallax-cover elementor-section-height-default elementor-section-height-default qode_elementor_container_no\" data-speed=\"0\" data-id=\"adc5fe6\" data-element_type=\"section\" data-settings=\"{&quot;background_background&quot;:&quot;classic&quot;,&quot;qode_parallax_image&quot;:{&quot;url&quot;:&quot;https:\\\/\\\/thecocopouch.com\\\/wp-content\\\/uploads\\\/2024\\\/12\\\/coco_summer_5_20241225.jpg&quot;,&quot;id&quot;:6406,&quot;size&quot;:&quot;&quot;,&quot;alt&quot;:&quot;&quot;,&quot;source&quot;:&quot;library&quot;}}\">\n\t\t\t\t\t\t<div class=\"elementor-container elementor-column-gap-default\">\n\t\t\t\t\t<div class=\"elementor-column elementor-col-100 elementor-top-column elementor-element elementor-element-0da6417\" data-id=\"0da6417\" data-element_type=\"column\">\n\t\t\t<div class=\"elementor-widget-wrap elementor-element-populated\">\n\t\t\t\t\t\t<section class=\"elementor-section elementor-inner-section elementor-element elementor-element-d12b279 elementor-section-full_width elementor-section-height-default elementor-section-height-default parallax_section_no qode_elementor_container_no\" data-id=\"d12b279\" data-element_type=\"section\">\n\t\t\t\t\t\t<div class=\"elementor-container elementor-column-gap-default\">\n\t\t\t\t\t<div class=\"elementor-column elementor-col-100 elementor-inner-column elementor-element elementor-element-08144cf\" data-id=\"08144cf\" data-element_type=\"column\">\n\t\t\t<div class=\"elementor-widget-wrap elementor-element-populated\">\n\t\t\t\t\t\t<div class=\"elementor-element elementor-element-a61542c elementor-widget elementor-widget-heading\" data-id=\"a61542c\" data-element_type=\"widget\" data-widget_type=\"heading.default\">\n\t\t\t\t<div class=\"elementor-widget-container\">\n\t\t\t\t\t<h1 class=\"elementor-heading-title elementor-size-default translation-block\">Naturen sk\u00f6rdad<br>\ni en p\u00e5se<\/h1>\t\t\t\t<\/div>\n\t\t\t\t<\/div>\n\t\t\t\t<div class=\"elementor-element elementor-element-1f3cebe elementor-widget elementor-widget-heading\" data-id=\"1f3cebe\" data-element_type=\"widget\" data-widget_type=\"heading.default\">\n\t\t\t\t<div class=\"elementor-widget-container\">\n\t\t\t\t\t<span class=\"elementor-heading-title elementor-size-default\">Vi tog vad naturen erbj\u00f6d oss att ge det direkt tillbaka till dig i p\u00e5seform.<\/span>\t\t\t\t<\/div>\n\t\t\t\t<\/div>\n\t\t\t\t\t<\/div>\n\t\t<\/div>\n\t\t\t\t\t<\/div>\n\t\t<\/section>\n\t\t\t\t\t<\/div>\n\t\t<\/div>\n\t\t\t\t\t<\/div>\n\t\t<\/section>\n\t\t\t\t<\/div>","protected":false},"excerpt":{"rendered":"<p>The History of the All-White Nicotine Pouch All-white nicotine pouches originated from the Swedish Snus category about 15 years ago, with a simple ambition: to offer a nicotine experience without the typical drawbacks of tobacco. As time went by, the market grew attracting hundreds of&#8230;<\/p>","protected":false},"author":1,"featured_media":0,"parent":0,"menu_order":0,"comment_status":"closed","ping_status":"closed","template":"full_width.php","meta":{"_monsterinsights_skip_tracking":false,"_monsterinsights_sitenote_active":false,"_monsterinsights_sitenote_note":"","_monsterinsights_sitenote_category":0,"footnotes":""},"class_list":["post-5514","page","type-page","status-publish","hentry"],"yoast_head":"<!-- This site is optimized with the Yoast SEO plugin v25.5 - https:\/\/yoast.com\/wordpress\/plugins\/seo\/ -->\n<title>Story - COCO Nicotine Pouches<\/title>\n<meta name=\"description\" content=\"COCO Nicotine Pouches are meticulously crafted with coconut fibres, which enables a prolonged and smoother release of both nicotine and flavours. Unlike other brands that often use overprocessed plant-based fibres, we directly infuse COCO pouches\u2019 coconut fibres with nicotine and all-natural flavouring.\" \/>\n<meta name=\"robots\" content=\"index, follow, max-snippet:-1, max-image-preview:large, max-video-preview:-1\" \/>\n<link rel=\"canonical\" href=\"https:\/\/thecocopouch.com\/sv\/story\/\" \/>\n<meta property=\"og:locale\" content=\"sv_SE\" \/>\n<meta property=\"og:type\" content=\"article\" \/>\n<meta property=\"og:title\" content=\"COCO Nicotine Pouches - The Smoothest Pouches Yet\" \/>\n<meta property=\"og:description\" content=\"COCO Nicotine Pouches are meticulously crafted with coconut fibres, which enables a prolonged and smoother release of both nicotine and flavours.\" \/>\n<meta property=\"og:url\" content=\"https:\/\/thecocopouch.com\/sv\/story\/\" \/>\n<meta property=\"og:site_name\" content=\"COCO Nicotine Pouches\" \/>\n<meta property=\"article:modified_time\" content=\"2025-07-31T08:29:26+00:00\" \/>\n<meta property=\"og:image\" content=\"https:\/\/thecocopouch.com\/wp-content\/uploads\/2025\/07\/preview-image.png\" \/>\n\t<meta property=\"og:image:width\" content=\"1600\" \/>\n\t<meta property=\"og:image:height\" content=\"765\" \/>\n\t<meta property=\"og:image:type\" content=\"image\/png\" \/>\n<meta name=\"twitter:card\" content=\"summary_large_image\" \/>\n<meta name=\"twitter:title\" content=\"COCO Nicotine Pouches - The Smoothest Pouches Yet\" \/>\n<meta name=\"twitter:description\" content=\"COCO Nicotine Pouches are meticulously crafted with coconut fibres, which enables a prolonged and smoother release of both nicotine and flavours.\" \/>\n<meta name=\"twitter:image\" content=\"https:\/\/thecocopouch.com\/wp-content\/uploads\/2025\/07\/preview-image.png\" \/>\n<meta name=\"twitter:label1\" content=\"Ber\u00e4knad l\u00e4stid\" \/>\n\t<meta name=\"twitter:data1\" content=\"2 minuter\" \/>\n<script type=\"application\/ld+json\" class=\"yoast-schema-graph\">{\"@context\":\"https:\/\/schema.org\",\"@graph\":[{\"@type\":\"WebPage\",\"@id\":\"https:\/\/thecocopouch.com\/story\/\",\"url\":\"https:\/\/thecocopouch.com\/story\/\",\"name\":\"Story - COCO Nicotine Pouches\",\"isPartOf\":{\"@id\":\"https:\/\/thecocopouch.com\/#website\"},\"datePublished\":\"2024-03-04T02:35:53+00:00\",\"dateModified\":\"2025-07-31T08:29:26+00:00\",\"description\":\"COCO Nicotine Pouches are meticulously crafted with coconut fibres, which enables a prolonged and smoother release of both nicotine and flavours. Unlike other brands that often use overprocessed plant-based fibres, we directly infuse COCO pouches\u2019 coconut fibres with nicotine and all-natural flavouring.\",\"breadcrumb\":{\"@id\":\"https:\/\/thecocopouch.com\/story\/#breadcrumb\"},\"inLanguage\":\"sv-SE\",\"potentialAction\":[{\"@type\":\"ReadAction\",\"target\":[\"https:\/\/thecocopouch.com\/story\/\"]}]},{\"@type\":\"BreadcrumbList\",\"@id\":\"https:\/\/thecocopouch.com\/story\/#breadcrumb\",\"itemListElement\":[{\"@type\":\"ListItem\",\"position\":1,\"name\":\"Home\",\"item\":\"https:\/\/thecocopouch.com\/\"},{\"@type\":\"ListItem\",\"position\":2,\"name\":\"Story\"}]},{\"@type\":\"WebSite\",\"@id\":\"https:\/\/thecocopouch.com\/#website\",\"url\":\"https:\/\/thecocopouch.com\/\",\"name\":\"COCO Nicotine Pouches\",\"description\":\"Naturally Delicious. The Smoothest Yet.\",\"publisher\":{\"@id\":\"https:\/\/thecocopouch.com\/#organization\"},\"potentialAction\":[{\"@type\":\"SearchAction\",\"target\":{\"@type\":\"EntryPoint\",\"urlTemplate\":\"https:\/\/thecocopouch.com\/?s={search_term_string}\"},\"query-input\":{\"@type\":\"PropertyValueSpecification\",\"valueRequired\":true,\"valueName\":\"search_term_string\"}}],\"inLanguage\":\"sv-SE\"},{\"@type\":\"Organization\",\"@id\":\"https:\/\/thecocopouch.com\/#organization\",\"name\":\"COCO Nicotine Pouches\",\"url\":\"https:\/\/thecocopouch.com\/\",\"logo\":{\"@type\":\"ImageObject\",\"inLanguage\":\"sv-SE\",\"@id\":\"https:\/\/thecocopouch.com\/#\/schema\/logo\/image\/\",\"url\":\"\",\"contentUrl\":\"\",\"caption\":\"COCO Nicotine Pouches\"},\"image\":{\"@id\":\"https:\/\/thecocopouch.com\/#\/schema\/logo\/image\/\"}}]}<\/script>\n<!-- \/ Yoast SEO plugin. -->","yoast_head_json":{"title":"Story - COCO Nicotine Pouches","description":"COCO Nicotine Pouches are meticulously crafted with coconut fibres, which enables a prolonged and smoother release of both nicotine and flavours. Unlike other brands that often use overprocessed plant-based fibres, we directly infuse COCO pouches\u2019 coconut fibres with nicotine and all-natural flavouring.","robots":{"index":"index","follow":"follow","max-snippet":"max-snippet:-1","max-image-preview":"max-image-preview:large","max-video-preview":"max-video-preview:-1"},"canonical":"https:\/\/thecocopouch.com\/sv\/story\/","og_locale":"sv_SE","og_type":"article","og_title":"COCO Nicotine Pouches - The Smoothest Pouches Yet","og_description":"COCO Nicotine Pouches are meticulously crafted with coconut fibres, which enables a prolonged and smoother release of both nicotine and flavours.","og_url":"https:\/\/thecocopouch.com\/sv\/story\/","og_site_name":"COCO Nicotine Pouches","article_modified_time":"2025-07-31T08:29:26+00:00","og_image":[{"width":1600,"height":765,"url":"https:\/\/thecocopouch.com\/wp-content\/uploads\/2025\/07\/preview-image.png","type":"image\/png"}],"twitter_card":"summary_large_image","twitter_title":"COCO Nicotine Pouches - The Smoothest Pouches Yet","twitter_description":"COCO Nicotine Pouches are meticulously crafted with coconut fibres, which enables a prolonged and smoother release of both nicotine and flavours.","twitter_image":"https:\/\/thecocopouch.com\/wp-content\/uploads\/2025\/07\/preview-image.png","twitter_misc":{"Ber\u00e4knad l\u00e4stid":"2 minuter"},"schema":{"@context":"https:\/\/schema.org","@graph":[{"@type":"WebPage","@id":"https:\/\/thecocopouch.com\/story\/","url":"https:\/\/thecocopouch.com\/story\/","name":"Story - COCO Nicotine Pouches","isPartOf":{"@id":"https:\/\/thecocopouch.com\/#website"},"datePublished":"2024-03-04T02:35:53+00:00","dateModified":"2025-07-31T08:29:26+00:00","description":"COCO Nicotine Pouches are meticulously crafted with coconut fibres, which enables a prolonged and smoother release of both nicotine and flavours. Unlike other brands that often use overprocessed plant-based fibres, we directly infuse COCO pouches\u2019 coconut fibres with nicotine and all-natural flavouring.","breadcrumb":{"@id":"https:\/\/thecocopouch.com\/story\/#breadcrumb"},"inLanguage":"sv-SE","potentialAction":[{"@type":"ReadAction","target":["https:\/\/thecocopouch.com\/story\/"]}]},{"@type":"BreadcrumbList","@id":"https:\/\/thecocopouch.com\/story\/#breadcrumb","itemListElement":[{"@type":"ListItem","position":1,"name":"Home","item":"https:\/\/thecocopouch.com\/"},{"@type":"ListItem","position":2,"name":"Story"}]},{"@type":"WebSite","@id":"https:\/\/thecocopouch.com\/#website","url":"https:\/\/thecocopouch.com\/","name":"COCO Nicotine Pouches","description":"Naturally Delicious. The Smoothest Yet.","publisher":{"@id":"https:\/\/thecocopouch.com\/#organization"},"potentialAction":[{"@type":"SearchAction","target":{"@type":"EntryPoint","urlTemplate":"https:\/\/thecocopouch.com\/?s={search_term_string}"},"query-input":{"@type":"PropertyValueSpecification","valueRequired":true,"valueName":"search_term_string"}}],"inLanguage":"sv-SE"},{"@type":"Organization","@id":"https:\/\/thecocopouch.com\/#organization","name":"COCO Nicotine Pouches","url":"https:\/\/thecocopouch.com\/","logo":{"@type":"ImageObject","inLanguage":"sv-SE","@id":"https:\/\/thecocopouch.com\/#\/schema\/logo\/image\/","url":"","contentUrl":"","caption":"COCO Nicotine Pouches"},"image":{"@id":"https:\/\/thecocopouch.com\/#\/schema\/logo\/image\/"}}]}},"_links":{"self":[{"href":"https:\/\/thecocopouch.com\/sv\/wp-json\/wp\/v2\/pages\/5514","targetHints":{"allow":["GET"]}}],"collection":[{"href":"https:\/\/thecocopouch.com\/sv\/wp-json\/wp\/v2\/pages"}],"about":[{"href":"https:\/\/thecocopouch.com\/sv\/wp-json\/wp\/v2\/types\/page"}],"author":[{"embeddable":true,"href":"https:\/\/thecocopouch.com\/sv\/wp-json\/wp\/v2\/users\/1"}],"replies":[{"embeddable":true,"href":"https:\/\/thecocopouch.com\/sv\/wp-json\/wp\/v2\/comments?post=5514"}],"version-history":[{"count":0,"href":"https:\/\/thecocopouch.com\/sv\/wp-json\/wp\/v2\/pages\/5514\/revisions"}],"wp:attachment":[{"href":"https:\/\/thecocopouch.com\/sv\/wp-json\/wp\/v2\/media?parent=5514"}],"curies":[{"name":"wp","href":"https:\/\/api.w.org\/{rel}","templated":true}]}}